{"id":7828,"date":"2023-10-11T14:45:24","date_gmt":"2023-10-11T12:45:24","guid":{"rendered":"https:\/\/victoriadetalhora.com\/?page_id=7828"},"modified":"2023-10-18T18:06:11","modified_gmt":"2023-10-18T16:06:11","slug":"texturas-delicadas","status":"publish","type":"page","link":"https:\/\/victoriadetalhora.com\/es\/texturas-delicadas\/","title":{"rendered":"Texturas delicadas"},"content":{"rendered":"\t\t<div data-elementor-type=\"wp-post\" data-elementor-id=\"7828\" class=\"elementor elementor-7828\" data-elementor-post-type=\"page\">\n\t\t\t\t\t\t<section class=\"elementor-section elementor-top-section elementor-element elementor-element-57cedc27 elementor-section-full_width elementor-section-content-middle elementor-section-stretched elementor-section-height-default elementor-section-height-default\" data-id=\"57cedc27\" data-element_type=\"section\" data-e-type=\"section\" data-settings=\"{&quot;background_background&quot;:&quot;classic&quot;,&quot;jet_parallax_layout_list&quot;:[{&quot;jet_parallax_layout_image&quot;:{&quot;url&quot;:&quot;&quot;,&quot;id&quot;:&quot;&quot;,&quot;size&quot;:&quot;&quot;},&quot;_id&quot;:&quot;188f87b&quot;,&quot;jet_parallax_layout_image_tablet&quot;:{&quot;url&quot;:&quot;&quot;,&quot;id&quot;:&quot;&quot;,&quot;size&quot;:&quot;&quot;},&quot;jet_parallax_layout_image_mobile&quot;:{&quot;url&quot;:&quot;&quot;,&quot;id&quot;:&quot;&quot;,&quot;size&quot;:&quot;&quot;},&quot;jet_parallax_layout_speed&quot;:{&quot;unit&quot;:&quot;%&quot;,&quot;size&quot;:50,&quot;sizes&quot;:[]},&quot;jet_parallax_layout_type&quot;:&quot;scroll&quot;,&quot;jet_parallax_layout_direction&quot;:&quot;1&quot;,&quot;jet_parallax_layout_fx_direction&quot;:null,&quot;jet_parallax_layout_z_index&quot;:&quot;&quot;,&quot;jet_parallax_layout_bg_x&quot;:50,&quot;jet_parallax_layout_bg_x_tablet&quot;:&quot;&quot;,&quot;jet_parallax_layout_bg_x_mobile&quot;:&quot;&quot;,&quot;jet_parallax_layout_bg_y&quot;:50,&quot;jet_parallax_layout_bg_y_tablet&quot;:&quot;&quot;,&quot;jet_parallax_layout_bg_y_mobile&quot;:&quot;&quot;,&quot;jet_parallax_layout_bg_size&quot;:&quot;auto&quot;,&quot;jet_parallax_layout_bg_size_tablet&quot;:&quot;&quot;,&quot;jet_parallax_layout_bg_size_mobile&quot;:&quot;&quot;,&quot;jet_parallax_layout_animation_prop&quot;:&quot;transform&quot;,&quot;jet_parallax_layout_on&quot;:[&quot;desktop&quot;,&quot;tablet&quot;]}],&quot;stretch_section&quot;:&quot;section-stretched&quot;}\">\n\t\t\t\t\t\t\t<div class=\"elementor-background-overlay\"><\/div>\n\t\t\t\t\t\t\t<div class=\"elementor-container elementor-column-gap-no\">\n\t\t\t\t\t<div class=\"elementor-column elementor-col-100 elementor-top-column elementor-element elementor-element-7a50c595\" data-id=\"7a50c595\" data-element_type=\"column\" data-e-type=\"column\" data-settings=\"{&quot;background_background&quot;:&quot;classic&quot;}\">\n\t\t\t<div class=\"elementor-widget-wrap elementor-element-populated\">\n\t\t\t\t\t\t<div class=\"elementor-element elementor-element-3443d68 elementor-align-center elementor-widget elementor-widget-button\" data-id=\"3443d68\" data-element_type=\"widget\" data-e-type=\"widget\" data-widget_type=\"button.default\">\n\t\t\t\t<div class=\"elementor-widget-container\">\n\t\t\t\t\t\t\t\t\t<div class=\"elementor-button-wrapper\">\n\t\t\t\t\t<a class=\"elementor-button elementor-size-sm\" role=\"button\">\n\t\t\t\t\t\t<span class=\"elementor-button-content-wrapper\">\n\t\t\t\t\t\t\t\t\t<span class=\"elementor-button-text\">Texturas Delicadas<\/span>\n\t\t\t\t\t<\/span>\n\t\t\t\t\t<\/a>\n\t\t\t\t<\/div>\n\t\t\t\t\t\t\t\t<\/div>\n\t\t\t\t<\/div>\n\t\t\t\t\t<\/div>\n\t\t<\/div>\n\t\t\t\t\t<\/div>\n\t\t<\/section>\n\t\t\t\t<section class=\"elementor-section elementor-top-section elementor-element elementor-element-75bbba87 elementor-section-content-top elementor-section-boxed elementor-section-height-default elementor-section-height-default\" data-id=\"75bbba87\" data-element_type=\"section\" data-e-type=\"section\" data-settings=\"{&quot;jet_parallax_layout_list&quot;:[{&quot;jet_parallax_layout_image&quot;:{&quot;url&quot;:&quot;&quot;,&quot;id&quot;:&quot;&quot;,&quot;size&quot;:&quot;&quot;},&quot;_id&quot;:&quot;ec337b9&quot;,&quot;jet_parallax_layout_image_tablet&quot;:{&quot;url&quot;:&quot;&quot;,&quot;id&quot;:&quot;&quot;,&quot;size&quot;:&quot;&quot;},&quot;jet_parallax_layout_image_mobile&quot;:{&quot;url&quot;:&quot;&quot;,&quot;id&quot;:&quot;&quot;,&quot;size&quot;:&quot;&quot;},&quot;jet_parallax_layout_speed&quot;:{&quot;unit&quot;:&quot;%&quot;,&quot;size&quot;:50,&quot;sizes&quot;:[]},&quot;jet_parallax_layout_type&quot;:&quot;scroll&quot;,&quot;jet_parallax_layout_direction&quot;:&quot;1&quot;,&quot;jet_parallax_layout_fx_direction&quot;:null,&quot;jet_parallax_layout_z_index&quot;:&quot;&quot;,&quot;jet_parallax_layout_bg_x&quot;:50,&quot;jet_parallax_layout_bg_x_tablet&quot;:&quot;&quot;,&quot;jet_parallax_layout_bg_x_mobile&quot;:&quot;&quot;,&quot;jet_parallax_layout_bg_y&quot;:50,&quot;jet_parallax_layout_bg_y_tablet&quot;:&quot;&quot;,&quot;jet_parallax_layout_bg_y_mobile&quot;:&quot;&quot;,&quot;jet_parallax_layout_bg_size&quot;:&quot;auto&quot;,&quot;jet_parallax_layout_bg_size_tablet&quot;:&quot;&quot;,&quot;jet_parallax_layout_bg_size_mobile&quot;:&quot;&quot;,&quot;jet_parallax_layout_animation_prop&quot;:&quot;transform&quot;,&quot;jet_parallax_layout_on&quot;:[&quot;desktop&quot;,&quot;tablet&quot;]}]}\">\n\t\t\t\t\t\t<div class=\"elementor-container elementor-column-gap-no\">\n\t\t\t\t\t<div class=\"elementor-column elementor-col-100 elementor-top-column elementor-element elementor-element-3a5df901\" data-id=\"3a5df901\" data-element_type=\"column\" data-e-type=\"column\">\n\t\t\t<div class=\"elementor-widget-wrap elementor-element-populated\">\n\t\t\t\t\t\t<div class=\"elementor-element elementor-element-210e3284 elementor-widget elementor-widget-heading\" data-id=\"210e3284\" data-element_type=\"widget\" data-e-type=\"widget\" data-widget_type=\"heading.default\">\n\t\t\t\t<div class=\"elementor-widget-container\">\n\t\t\t\t\t<h2 class=\"elementor-heading-title elementor-size-default\">Cada paso de nuestra producci\u00f3n se lleva a cabo de forma individual. Desde la obtenci\u00f3n de nuestros hilados 100% naturales hasta la elaboraci\u00f3n y acabado de cada prenda. <br><br>\nUtilizamos las mejores materias primas del mundo, procedentes de las hilaturas m\u00e1s prestigiosas. <br><br>\nNuestros proveedores de hilo fabrican especialmente para nosotros hilos de fantas\u00eda, de esta forma podemos ofrecer productos completamente exclusivos con una amplia gama de colores cada temporada.  <\/h2>\t\t\t\t<\/div>\n\t\t\t\t<\/div>\n\t\t\t\t\t<\/div>\n\t\t<\/div>\n\t\t\t\t\t<\/div>\n\t\t<\/section>\n\t\t\t\t<section class=\"elementor-section elementor-top-section elementor-element elementor-element-4bc32f7 elementor-section-stretched elementor-section-boxed elementor-section-height-default elementor-section-height-default\" data-id=\"4bc32f7\" data-element_type=\"section\" data-e-type=\"section\" data-settings=\"{&quot;jet_parallax_layout_list&quot;:[{&quot;jet_parallax_layout_image&quot;:{&quot;url&quot;:&quot;&quot;,&quot;id&quot;:&quot;&quot;,&quot;size&quot;:&quot;&quot;},&quot;_id&quot;:&quot;2b2e658&quot;,&quot;jet_parallax_layout_image_tablet&quot;:{&quot;url&quot;:&quot;&quot;,&quot;id&quot;:&quot;&quot;,&quot;size&quot;:&quot;&quot;},&quot;jet_parallax_layout_image_mobile&quot;:{&quot;url&quot;:&quot;&quot;,&quot;id&quot;:&quot;&quot;,&quot;size&quot;:&quot;&quot;},&quot;jet_parallax_layout_speed&quot;:{&quot;unit&quot;:&quot;%&quot;,&quot;size&quot;:50,&quot;sizes&quot;:[]},&quot;jet_parallax_layout_type&quot;:&quot;scroll&quot;,&quot;jet_parallax_layout_direction&quot;:&quot;1&quot;,&quot;jet_parallax_layout_fx_direction&quot;:null,&quot;jet_parallax_layout_z_index&quot;:&quot;&quot;,&quot;jet_parallax_layout_bg_x&quot;:50,&quot;jet_parallax_layout_bg_x_tablet&quot;:&quot;&quot;,&quot;jet_parallax_layout_bg_x_mobile&quot;:&quot;&quot;,&quot;jet_parallax_layout_bg_y&quot;:50,&quot;jet_parallax_layout_bg_y_tablet&quot;:&quot;&quot;,&quot;jet_parallax_layout_bg_y_mobile&quot;:&quot;&quot;,&quot;jet_parallax_layout_bg_size&quot;:&quot;auto&quot;,&quot;jet_parallax_layout_bg_size_tablet&quot;:&quot;&quot;,&quot;jet_parallax_layout_bg_size_mobile&quot;:&quot;&quot;,&quot;jet_parallax_layout_animation_prop&quot;:&quot;transform&quot;,&quot;jet_parallax_layout_on&quot;:[&quot;desktop&quot;,&quot;tablet&quot;]}],&quot;stretch_section&quot;:&quot;section-stretched&quot;}\">\n\t\t\t\t\t\t<div class=\"elementor-container elementor-column-gap-default\">\n\t\t\t\t\t<div class=\"elementor-column elementor-col-100 elementor-top-column elementor-element elementor-element-73461c2\" data-id=\"73461c2\" data-element_type=\"column\" data-e-type=\"column\">\n\t\t\t<div class=\"elementor-widget-wrap elementor-element-populated\">\n\t\t\t\t\t\t<div class=\"elementor-element elementor-element-2051ccf elementor-widget elementor-widget-image\" data-id=\"2051ccf\" data-element_type=\"widget\" data-e-type=\"widget\" data-widget_type=\"image.default\">\n\t\t\t\t<div class=\"elementor-widget-container\">\n\t\t\t\t\t\t\t\t\t\t\t\t\t\t\t<img fetchpriority=\"high\" decoding=\"async\" width=\"1935\" height=\"965\" src=\"https:\/\/victoriadetalhora.com\/wp-content\/uploads\/Delicate_textures_banner_02@2x.png\" class=\"attachment-large size-large wp-image-5925\" alt=\"delicate textures banner 02@2x\" srcset=\"https:\/\/victoriadetalhora.com\/wp-content\/uploads\/Delicate_textures_banner_02@2x.png 1935w, https:\/\/victoriadetalhora.com\/wp-content\/uploads\/Delicate_textures_banner_02@2x-300x150.png 300w, https:\/\/victoriadetalhora.com\/wp-content\/uploads\/Delicate_textures_banner_02@2x-600x299.png 600w, https:\/\/victoriadetalhora.com\/wp-content\/uploads\/Delicate_textures_banner_02@2x-768x383.png 768w, https:\/\/victoriadetalhora.com\/wp-content\/uploads\/Delicate_textures_banner_02@2x-1536x766.png 1536w, https:\/\/victoriadetalhora.com\/wp-content\/uploads\/Delicate_textures_banner_02@2x-1320x658.png 1320w\" sizes=\"(max-width: 1935px) 100vw, 1935px\" \/>\t\t\t\t\t\t\t\t\t\t\t\t\t\t\t<\/div>\n\t\t\t\t<\/div>\n\t\t\t\t\t<\/div>\n\t\t<\/div>\n\t\t\t\t\t<\/div>\n\t\t<\/section>\n\t\t\t\t<section class=\"elementor-section elementor-top-section elementor-element elementor-element-bf79b9e elementor-section-content-top elementor-section-boxed elementor-section-height-default elementor-section-height-default\" data-id=\"bf79b9e\" data-element_type=\"section\" data-e-type=\"section\" data-settings=\"{&quot;jet_parallax_layout_list&quot;:[{&quot;jet_parallax_layout_image&quot;:{&quot;url&quot;:&quot;&quot;,&quot;id&quot;:&quot;&quot;,&quot;size&quot;:&quot;&quot;},&quot;_id&quot;:&quot;ec337b9&quot;,&quot;jet_parallax_layout_image_tablet&quot;:{&quot;url&quot;:&quot;&quot;,&quot;id&quot;:&quot;&quot;,&quot;size&quot;:&quot;&quot;},&quot;jet_parallax_layout_image_mobile&quot;:{&quot;url&quot;:&quot;&quot;,&quot;id&quot;:&quot;&quot;,&quot;size&quot;:&quot;&quot;},&quot;jet_parallax_layout_speed&quot;:{&quot;unit&quot;:&quot;%&quot;,&quot;size&quot;:50,&quot;sizes&quot;:[]},&quot;jet_parallax_layout_type&quot;:&quot;scroll&quot;,&quot;jet_parallax_layout_direction&quot;:&quot;1&quot;,&quot;jet_parallax_layout_fx_direction&quot;:null,&quot;jet_parallax_layout_z_index&quot;:&quot;&quot;,&quot;jet_parallax_layout_bg_x&quot;:50,&quot;jet_parallax_layout_bg_x_tablet&quot;:&quot;&quot;,&quot;jet_parallax_layout_bg_x_mobile&quot;:&quot;&quot;,&quot;jet_parallax_layout_bg_y&quot;:50,&quot;jet_parallax_layout_bg_y_tablet&quot;:&quot;&quot;,&quot;jet_parallax_layout_bg_y_mobile&quot;:&quot;&quot;,&quot;jet_parallax_layout_bg_size&quot;:&quot;auto&quot;,&quot;jet_parallax_layout_bg_size_tablet&quot;:&quot;&quot;,&quot;jet_parallax_layout_bg_size_mobile&quot;:&quot;&quot;,&quot;jet_parallax_layout_animation_prop&quot;:&quot;transform&quot;,&quot;jet_parallax_layout_on&quot;:[&quot;desktop&quot;,&quot;tablet&quot;]}]}\">\n\t\t\t\t\t\t<div class=\"elementor-container elementor-column-gap-no\">\n\t\t\t\t\t<div class=\"elementor-column elementor-col-100 elementor-top-column elementor-element elementor-element-05f27c7\" data-id=\"05f27c7\" data-element_type=\"column\" data-e-type=\"column\">\n\t\t\t<div class=\"elementor-widget-wrap elementor-element-populated\">\n\t\t\t\t\t\t<div class=\"elementor-element elementor-element-8eb58db elementor-widget elementor-widget-text-editor\" data-id=\"8eb58db\" data-element_type=\"widget\" data-e-type=\"widget\" data-widget_type=\"text-editor.default\">\n\t\t\t\t<div class=\"elementor-widget-container\">\n\t\t\t\t\t\t\t\t\t<p><span style=\"font-weight: 400;\">Nuestro equipo de dise\u00f1o colabora estrechamente con nuestra f\u00e1brica para inventar y probar constantemente nuevas combinaciones de texturas y colores durante todo el a\u00f1o. La mayor\u00eda de nuestros chales y foulards se confeccionan combinando distintos hilos de <strong>Seda y Cashmere<\/strong>. La <strong>Seda<\/strong> aporta resistencia a la prenda y el <strong>Cashmere<\/strong> suavidad y calidez. Tambi\u00e9n trabajamos con delicadas lentejuelas e hilos de l\u00farex para ofrecer dise\u00f1os \u00fanicos y distintivos.<\/span><\/p><p><span style=\"font-weight: 400;\">Ofrecemos dos estilos de mantas: uno con una mezcla de <strong>Cashmere<\/strong>, <strong>Seda<\/strong> y <strong>Pelo de Camello<\/strong> y otro estilo confeccionado con un hilado de boucle de <strong>Baby Alpaca<\/strong>. La mezcla de <strong>Cashmere<\/strong>, <strong>Pelo de Camello<\/strong> y <strong>Seda<\/strong> crea una manta supersuave y resistente de exquisita calidad. <\/span><\/p><p><span style=\"font-weight: 400;\">Nuestro hilo de <strong>Baby Alpaca<\/strong> contiene un peque\u00f1o porcentaje de <strong>Seda<\/strong> que le da una textura gruesa y fuerte y al mismo tiempo ligera y acogedora&#8230;<\/span><\/p><p><span style=\"font-weight: 400;\">Nuestros collares est\u00e1n hechos con hilo tubular de cinta de <strong>Seda<\/strong> o de <strong>Lana<\/strong>. La <strong>Lana<\/strong> que utilizamos es de la mejor calidad y tiene un tacto agradable y suave sin irritar la piel. <\/span><\/p><p><span style=\"font-weight: 400;\">Deseamos que nuestros clientes sientan protecci\u00f3n y comodidad al llevar nuestros productos.\u00a0<\/span><\/p>\t\t\t\t\t\t\t\t<\/div>\n\t\t\t\t<\/div>\n\t\t\t\t\t<\/div>\n\t\t<\/div>\n\t\t\t\t\t<\/div>\n\t\t<\/section>\n\t\t\t\t<\/div>\n\t\t","protected":false},"excerpt":{"rendered":"<p>Texturas Delicadas Cada paso de nuestra producci\u00f3n se lleva a cabo de forma individual. Desde la obtenci\u00f3n de nuestros hilados 100% naturales hasta la elaboraci\u00f3n y acabado de cada prenda. Utilizamos las mejores materias primas del mundo, procedentes de las hilaturas m\u00e1s prestigiosas. Nuestros proveedores de hilo fabrican especialmente para nosotros hilos de fantas\u00eda, de &#8230; <a title=\"Texturas delicadas\" class=\"read-more\" href=\"https:\/\/victoriadetalhora.com\/es\/texturas-delicadas\/\" aria-label=\"Leer m\u00e1s sobre Texturas delicadas\">Leer m\u00e1s<\/a><\/p>\n","protected":false},"author":1,"featured_media":0,"parent":0,"menu_order":0,"comment_status":"closed","ping_status":"closed","template":"","meta":{"_acf_changed":false,"footnotes":""},"class_list":["post-7828","page","type-page","status-publish"],"acf":[],"yoast_head":"<!-- This site is optimized with the Yoast SEO plugin v27.3 - https:\/\/yoast.com\/product\/yoast-seo-wordpress\/ -->\n<title>Texturas delicadas - Victoria de Talhora<\/title>\n<meta name=\"robots\" content=\"index, follow, max-snippet:-1, max-image-preview:large, max-video-preview:-1\" \/>\n<link rel=\"canonical\" href=\"https:\/\/victoriadetalhora.com\/es\/texturas-delicadas\/\" \/>\n<meta property=\"og:locale\" content=\"es_ES\" \/>\n<meta property=\"og:type\" content=\"article\" \/>\n<meta property=\"og:title\" content=\"Texturas delicadas - Victoria de Talhora\" \/>\n<meta property=\"og:description\" content=\"Texturas Delicadas Cada paso de nuestra producci\u00f3n se lleva a cabo de forma individual. Desde la obtenci\u00f3n de nuestros hilados 100% naturales hasta la elaboraci\u00f3n y acabado de cada prenda. Utilizamos las mejores materias primas del mundo, procedentes de las hilaturas m\u00e1s prestigiosas. Nuestros proveedores de hilo fabrican especialmente para nosotros hilos de fantas\u00eda, de ... Leer m\u00e1s\" \/>\n<meta property=\"og:url\" content=\"https:\/\/victoriadetalhora.com\/es\/texturas-delicadas\/\" \/>\n<meta property=\"og:site_name\" content=\"Victoria de Talhora\" \/>\n<meta property=\"article:publisher\" content=\"https:\/\/www.facebook.com\/victoriadetalhora\" \/>\n<meta property=\"article:modified_time\" content=\"2023-10-18T16:06:11+00:00\" \/>\n<meta property=\"og:image\" content=\"https:\/\/victoriadetalhora.com\/wp-content\/uploads\/Delicate_textures_banner_02@2x.png\" \/>\n<meta name=\"twitter:card\" content=\"summary_large_image\" \/>\n<meta name=\"twitter:label1\" content=\"Tiempo de lectura\" \/>\n\t<meta name=\"twitter:data1\" content=\"1 minuto\" \/>\n<script type=\"application\/ld+json\" class=\"yoast-schema-graph\">{\"@context\":\"https:\\\/\\\/schema.org\",\"@graph\":[{\"@type\":\"WebPage\",\"@id\":\"https:\\\/\\\/victoriadetalhora.com\\\/es\\\/texturas-delicadas\\\/\",\"url\":\"https:\\\/\\\/victoriadetalhora.com\\\/es\\\/texturas-delicadas\\\/\",\"name\":\"Texturas delicadas - Victoria de Talhora\",\"isPartOf\":{\"@id\":\"https:\\\/\\\/victoriadetalhora.com\\\/#website\"},\"primaryImageOfPage\":{\"@id\":\"https:\\\/\\\/victoriadetalhora.com\\\/es\\\/texturas-delicadas\\\/#primaryimage\"},\"image\":{\"@id\":\"https:\\\/\\\/victoriadetalhora.com\\\/es\\\/texturas-delicadas\\\/#primaryimage\"},\"thumbnailUrl\":\"https:\\\/\\\/victoriadetalhora.com\\\/wp-content\\\/uploads\\\/Delicate_textures_banner_02@2x.png\",\"datePublished\":\"2023-10-11T12:45:24+00:00\",\"dateModified\":\"2023-10-18T16:06:11+00:00\",\"breadcrumb\":{\"@id\":\"https:\\\/\\\/victoriadetalhora.com\\\/es\\\/texturas-delicadas\\\/#breadcrumb\"},\"inLanguage\":\"es\",\"potentialAction\":[{\"@type\":\"ReadAction\",\"target\":[\"https:\\\/\\\/victoriadetalhora.com\\\/es\\\/texturas-delicadas\\\/\"]}]},{\"@type\":\"ImageObject\",\"inLanguage\":\"es\",\"@id\":\"https:\\\/\\\/victoriadetalhora.com\\\/es\\\/texturas-delicadas\\\/#primaryimage\",\"url\":\"https:\\\/\\\/victoriadetalhora.com\\\/wp-content\\\/uploads\\\/Delicate_textures_banner_02@2x.png\",\"contentUrl\":\"https:\\\/\\\/victoriadetalhora.com\\\/wp-content\\\/uploads\\\/Delicate_textures_banner_02@2x.png\"},{\"@type\":\"BreadcrumbList\",\"@id\":\"https:\\\/\\\/victoriadetalhora.com\\\/es\\\/texturas-delicadas\\\/#breadcrumb\",\"itemListElement\":[{\"@type\":\"ListItem\",\"position\":1,\"name\":\"Home\",\"item\":\"https:\\\/\\\/victoriadetalhora.com\\\/\"},{\"@type\":\"ListItem\",\"position\":2,\"name\":\"Texturas delicadas\"}]},{\"@type\":\"WebSite\",\"@id\":\"https:\\\/\\\/victoriadetalhora.com\\\/#website\",\"url\":\"https:\\\/\\\/victoriadetalhora.com\\\/\",\"name\":\"Victoria de Talhora\",\"description\":\"Victoria de Talhora: Cashmere, Seda, Pelo de Camello, Baby Alpaca. Lujo tejido en Espa\u00f1a. Chales, fulares, mantas y complementos con hilos 100% naturales. Elegancia y confort en cada detalle.\",\"publisher\":{\"@id\":\"https:\\\/\\\/victoriadetalhora.com\\\/#organization\"},\"potentialAction\":[{\"@type\":\"SearchAction\",\"target\":{\"@type\":\"EntryPoint\",\"urlTemplate\":\"https:\\\/\\\/victoriadetalhora.com\\\/?s={search_term_string}\"},\"query-input\":{\"@type\":\"PropertyValueSpecification\",\"valueRequired\":true,\"valueName\":\"search_term_string\"}}],\"inLanguage\":\"es\"},{\"@type\":\"Organization\",\"@id\":\"https:\\\/\\\/victoriadetalhora.com\\\/#organization\",\"name\":\"Victoria de Talhora\",\"url\":\"https:\\\/\\\/victoriadetalhora.com\\\/\",\"logo\":{\"@type\":\"ImageObject\",\"inLanguage\":\"es\",\"@id\":\"https:\\\/\\\/victoriadetalhora.com\\\/#\\\/schema\\\/logo\\\/image\\\/\",\"url\":\"https:\\\/\\\/victoriadetalhora.com\\\/wp-content\\\/uploads\\\/Victoria_de_talhora_logo_2020@2x-e1614089260637.png\",\"contentUrl\":\"https:\\\/\\\/victoriadetalhora.com\\\/wp-content\\\/uploads\\\/Victoria_de_talhora_logo_2020@2x-e1614089260637.png\",\"width\":500,\"height\":168,\"caption\":\"Victoria de Talhora\"},\"image\":{\"@id\":\"https:\\\/\\\/victoriadetalhora.com\\\/#\\\/schema\\\/logo\\\/image\\\/\"},\"sameAs\":[\"https:\\\/\\\/www.facebook.com\\\/victoriadetalhora\",\"https:\\\/\\\/www.instagram.com\\\/victoriadetalhora\\\/\"]}]}<\/script>\n<!-- \/ Yoast SEO plugin. -->","yoast_head_json":{"title":"Texturas delicadas - Victoria de Talhora","robots":{"index":"index","follow":"follow","max-snippet":"max-snippet:-1","max-image-preview":"max-image-preview:large","max-video-preview":"max-video-preview:-1"},"canonical":"https:\/\/victoriadetalhora.com\/es\/texturas-delicadas\/","og_locale":"es_ES","og_type":"article","og_title":"Texturas delicadas - Victoria de Talhora","og_description":"Texturas Delicadas Cada paso de nuestra producci\u00f3n se lleva a cabo de forma individual. Desde la obtenci\u00f3n de nuestros hilados 100% naturales hasta la elaboraci\u00f3n y acabado de cada prenda. Utilizamos las mejores materias primas del mundo, procedentes de las hilaturas m\u00e1s prestigiosas. Nuestros proveedores de hilo fabrican especialmente para nosotros hilos de fantas\u00eda, de ... Leer m\u00e1s","og_url":"https:\/\/victoriadetalhora.com\/es\/texturas-delicadas\/","og_site_name":"Victoria de Talhora","article_publisher":"https:\/\/www.facebook.com\/victoriadetalhora","article_modified_time":"2023-10-18T16:06:11+00:00","og_image":[{"url":"https:\/\/victoriadetalhora.com\/wp-content\/uploads\/Delicate_textures_banner_02@2x.png","type":"","width":"","height":""}],"twitter_card":"summary_large_image","twitter_misc":{"Tiempo de lectura":"1 minuto"},"schema":{"@context":"https:\/\/schema.org","@graph":[{"@type":"WebPage","@id":"https:\/\/victoriadetalhora.com\/es\/texturas-delicadas\/","url":"https:\/\/victoriadetalhora.com\/es\/texturas-delicadas\/","name":"Texturas delicadas - Victoria de Talhora","isPartOf":{"@id":"https:\/\/victoriadetalhora.com\/#website"},"primaryImageOfPage":{"@id":"https:\/\/victoriadetalhora.com\/es\/texturas-delicadas\/#primaryimage"},"image":{"@id":"https:\/\/victoriadetalhora.com\/es\/texturas-delicadas\/#primaryimage"},"thumbnailUrl":"https:\/\/victoriadetalhora.com\/wp-content\/uploads\/Delicate_textures_banner_02@2x.png","datePublished":"2023-10-11T12:45:24+00:00","dateModified":"2023-10-18T16:06:11+00:00","breadcrumb":{"@id":"https:\/\/victoriadetalhora.com\/es\/texturas-delicadas\/#breadcrumb"},"inLanguage":"es","potentialAction":[{"@type":"ReadAction","target":["https:\/\/victoriadetalhora.com\/es\/texturas-delicadas\/"]}]},{"@type":"ImageObject","inLanguage":"es","@id":"https:\/\/victoriadetalhora.com\/es\/texturas-delicadas\/#primaryimage","url":"https:\/\/victoriadetalhora.com\/wp-content\/uploads\/Delicate_textures_banner_02@2x.png","contentUrl":"https:\/\/victoriadetalhora.com\/wp-content\/uploads\/Delicate_textures_banner_02@2x.png"},{"@type":"BreadcrumbList","@id":"https:\/\/victoriadetalhora.com\/es\/texturas-delicadas\/#breadcrumb","itemListElement":[{"@type":"ListItem","position":1,"name":"Home","item":"https:\/\/victoriadetalhora.com\/"},{"@type":"ListItem","position":2,"name":"Texturas delicadas"}]},{"@type":"WebSite","@id":"https:\/\/victoriadetalhora.com\/#website","url":"https:\/\/victoriadetalhora.com\/","name":"Victoria de Talhora","description":"Victoria de Talhora: Cashmere, Seda, Pelo de Camello, Baby Alpaca. Lujo tejido en Espa\u00f1a. Chales, fulares, mantas y complementos con hilos 100% naturales. Elegancia y confort en cada detalle.","publisher":{"@id":"https:\/\/victoriadetalhora.com\/#organization"},"potentialAction":[{"@type":"SearchAction","target":{"@type":"EntryPoint","urlTemplate":"https:\/\/victoriadetalhora.com\/?s={search_term_string}"},"query-input":{"@type":"PropertyValueSpecification","valueRequired":true,"valueName":"search_term_string"}}],"inLanguage":"es"},{"@type":"Organization","@id":"https:\/\/victoriadetalhora.com\/#organization","name":"Victoria de Talhora","url":"https:\/\/victoriadetalhora.com\/","logo":{"@type":"ImageObject","inLanguage":"es","@id":"https:\/\/victoriadetalhora.com\/#\/schema\/logo\/image\/","url":"https:\/\/victoriadetalhora.com\/wp-content\/uploads\/Victoria_de_talhora_logo_2020@2x-e1614089260637.png","contentUrl":"https:\/\/victoriadetalhora.com\/wp-content\/uploads\/Victoria_de_talhora_logo_2020@2x-e1614089260637.png","width":500,"height":168,"caption":"Victoria de Talhora"},"image":{"@id":"https:\/\/victoriadetalhora.com\/#\/schema\/logo\/image\/"},"sameAs":["https:\/\/www.facebook.com\/victoriadetalhora","https:\/\/www.instagram.com\/victoriadetalhora\/"]}]}},"_links":{"self":[{"href":"https:\/\/victoriadetalhora.com\/es\/wp-json\/wp\/v2\/pages\/7828","targetHints":{"allow":["GET"]}}],"collection":[{"href":"https:\/\/victoriadetalhora.com\/es\/wp-json\/wp\/v2\/pages"}],"about":[{"href":"https:\/\/victoriadetalhora.com\/es\/wp-json\/wp\/v2\/types\/page"}],"author":[{"embeddable":true,"href":"https:\/\/victoriadetalhora.com\/es\/wp-json\/wp\/v2\/users\/1"}],"replies":[{"embeddable":true,"href":"https:\/\/victoriadetalhora.com\/es\/wp-json\/wp\/v2\/comments?post=7828"}],"version-history":[{"count":0,"href":"https:\/\/victoriadetalhora.com\/es\/wp-json\/wp\/v2\/pages\/7828\/revisions"}],"wp:attachment":[{"href":"https:\/\/victoriadetalhora.com\/es\/wp-json\/wp\/v2\/media?parent=7828"}],"curies":[{"name":"wp","href":"https:\/\/api.w.org\/{rel}","templated":true}]}}